{"id":44,"date":"2022-09-01T22:31:14","date_gmt":"2022-09-01T20:31:14","guid":{"rendered":"https:\/\/futuroandco.org\/?page_id=44"},"modified":"2022-11-23T14:48:25","modified_gmt":"2022-11-23T12:48:25","slug":"politica-de-privacidad","status":"publish","type":"page","link":"https:\/\/futuroandco.org\/ca\/politica-de-privacidad\/","title":{"rendered":"Pol\u00edtica de privadesa"},"content":{"rendered":"<div data-elementor-type=\"wp-page\" data-elementor-id=\"44\" class=\"elementor elementor-44\" data-elementor-post-type=\"page\">\n\t\t\t\t\t\t<section class=\"elementor-section elementor-top-section elementor-element elementor-element-dc11f0b elementor-section-boxed elementor-section-height-default elementor-section-height-default\" data-id=\"dc11f0b\" data-element_type=\"section\">\n\t\t\t\t\t\t<div class=\"elementor-container elementor-column-gap-default\">\n\t\t\t\t\t<div class=\"elementor-column elementor-col-100 elementor-top-column elementor-element elementor-element-f3ca121\" data-id=\"f3ca121\" data-element_type=\"column\">\n\t\t\t<div class=\"elementor-widget-wrap elementor-element-populated\">\n\t\t\t\t\t\t<div class=\"elementor-element elementor-element-b201b6d elementor-widget elementor-widget-text-editor\" data-id=\"b201b6d\" data-element_type=\"widget\" data-widget_type=\"text-editor.default\">\n\t\t\t\t<div class=\"elementor-widget-container\">\n\t\t\t\t\t\t\t\t\t<p><strong>POL\u00cdTICA DE PROTECCI\u00d3 DE DADES DE CAR\u00c0CTER PERSONAL<\/strong><\/p><p>\u00a0<\/p><ol><li><strong> IDENTIFICACI\u00d3 DEL TITULAR DEL DOMINI<\/strong><\/li><\/ol><p>\u00a0<\/p><p>D&#039;acord amb el que disposa l&#039;article 10 de la Llei 34\/2002, d&#039;11 de juliol, de Serveis de la Societat de la Informaci\u00f3 i del Comer\u00e7 Electr\u00f2nic, us informem que el titular del domini \u00e9s la XARXA FACIAM, amb domicili a Via Carpetana, 47, 28047 Madrid, CIF G-28697324 i correu electr\u00f2nic de contacte: <a href=\"mailto:admin@faciam.org\">admin@faciam.org<\/a>.<\/p><p>\u00a0<\/p><p>La XARXA FACIAM \u00e9s una xarxa d&#039;\u00e0mbit nacional, formada per 14 entitats d&#039;Ast\u00faries, el Pa\u00eds Valenci\u00e0, Cant\u00e0bria, Castella i Lle\u00f3, Catalunya i Madrid, dedicades a cuidar, acompanyar i crear oportunitats per a les persones que es troben sense llar o en situacions d&#039;exclusi\u00f3 residencial.<\/p><p>\u00a0<\/p><ol start=\"2\"><li><strong> PRIVACITAT I TRACTAMENT DE LA INFORMACI\u00d3<\/strong><\/li><\/ol><p>\u00a0<\/p><p><strong>2.1. DRET D&#039;INFORMACI\u00d3<\/strong><\/p><p>\u00a0<\/p><p>D&#039;acord amb el que disposa l&#039;article 11 de la Llei org\u00e0nica 3\/2018, de 5 de desembre, de protecci\u00f3 de dades personals i garantia dels drets digitals i el Reglament (UE) 2016\/679 del Parlament i del Consell, de 27 d&#039;abril de 2016, relatiu a la protecci\u00f3 de les persones f\u00edsiques pel que fa al tractament de dades personals ia la lliure circulaci\u00f3 d&#039;aquestes dades, us informem<\/p><p>\u00a0<\/p><p><strong>2.1.1.- Identificaci\u00f3 de responsables <\/strong><\/p><p>\u00a0<\/p><p>El responsable del tractament \u00e9s RED FACIAM amb les dades de contacte que consten a l&#039;apartat 1 de la present pol\u00edtica.<\/p><p>\u00a0<\/p><p><strong>2.1.2.- Fins de tractament i base jur\u00eddica <\/strong><\/p><p>\u00a0<\/p><p><strong>2.1.2.1.- Fi general<\/strong><\/p><p>\u00a0<\/p><p>Les dades que ens faciliti en els formularis que trobareu a la web, les que ens envieu a la nostra adre\u00e7a de correu electr\u00f2nic i les que es puguin generar mentre mantingui relaci\u00f3 amb el responsable del tractament s&#039;incorporaran, tal com ens les cedeixi, a una base de dades titularitat del responsable del tractament.<\/p><p>\u00a0<\/p><p>La finalitat del tractament de les dades \u00e9s respondre o gestionar adequadament les sol\u00b7licituds, consultes, aportacions o comunicacions de la persona usu\u00e0ria. S&#039;utilitzaran, a m\u00e9s, per oferir informaci\u00f3 dels nostres serveis relacionats amb els sol\u00b7licitats i convidar-lo a esdeveniments organitzats per l&#039;entitat sempre que hagi prestat el seu consentiment previ.<\/p><p>\u00a0<\/p><p>La base jur\u00eddica daquest tractament ser\u00e0 la relaci\u00f3 contractual que mantingui amb el responsable del tractament i el consentiment que atorgui en acceptar aquest av\u00eds.<\/p><p>\u00a0<\/p><p><strong>2.1.2.2.- Tractament d&#039;imatges<\/strong><\/p><p>\u00a0<\/p><p>El responsable del tractament documenta els esdeveniments de car\u00e0cter p\u00fablic que organitza amb fotografies i v\u00eddeos per tal de fer difusi\u00f3 als seus espais de difusi\u00f3 p\u00fablica d&#039;informaci\u00f3 com s\u00f3n: la pr\u00f2pia web, les xarxes socials en qu\u00e8 RED FACIAM i el projecte Futuro&amp;Co compti amb perfil creat i publicacions pr\u00f2pies oa la premsa.<\/p><p>\u00a0<\/p><p>El tractament d&#039;aquestes imatges est\u00e0 legitimat amb el consentiment dels afectats o en aplicaci\u00f3 de l&#039;article 8 de la LO 1\/1982, de 5 de maig, de protecci\u00f3 del dret a l&#039;honor, la intimitat i la pr\u00f2pia imatge.<\/p><p>\u00a0<\/p><p><strong>2.1.3.- Categories de destinataris <\/strong><\/p><p>\u00a0<\/p><p>Per donar compliment a les finalitats anteriors tindran acc\u00e9s a les seves dades:<\/p><p>\u00a0<\/p><ul><li>El personal degudament autoritzat per la direcci\u00f3 del responsable del tractament.<\/li><li>Els prove\u00efdors necessaris per donar compliment a la vostra demanda.<\/li><li>Ladministraci\u00f3 p\u00fablica en l\u00e0mbit de les seves compet\u00e8ncies.<\/li><li>I en concret, als destinataris que s&#039;indiquin a cada formulari que s&#039;empleni per part de l&#039;interessat.<\/li><\/ul><p>\u00a0<\/p><p><strong>2.1.4.- Termini de conservaci\u00f3 de la informaci\u00f3 <\/strong><\/p><p>\u00a0<\/p><p>El responsable del tractament conservar\u00e0 la seva informaci\u00f3 mentre no revoqui el consentiment atorgat en acceptar aquesta cl\u00e0usula.<\/p><p>\u00a0<\/p><p><strong>2.1.5.- Drets com a afectat<\/strong><\/p><p>\u00a0<\/p><p>Teniu dret a accedir, rectificar, suprimir, oposar-vos que les vostres dades siguin tractades, a limitar el tractament, a demanar la portabilitat de les dades, a no ser sotm\u00e8s a decisions individuals automatitzades ia revocar el consentiment que atorga.<\/p><p>\u00a0<\/p><p>Per exercir aquests drets podeu adre\u00e7ar-vos per escrit a RED FACIAM, amb domicili a Via Carpetana, 47, 28047 Madrid, o enviar un correu electr\u00f2nic a l&#039;adre\u00e7a <a href=\"mailto:admin@faciam.org\">admin@faciam.org<\/a> amb el text \u201cPROTECCI\u00d3 DE DADES\u201d a l&#039;assumpte.<\/p><p>\u00a0<\/p><p><strong>2.1.6.- Dret de reclamaci\u00f3 <\/strong><\/p><p>\u00a0<\/p><p>L&#039;organisme competent per con\u00e8ixer de la correcta aplicaci\u00f3 de les normes sobre tractament de la informaci\u00f3 \u00e9s l&#039;Ag\u00e8ncia Espanyola de Protecci\u00f3 de Dades, amb domicili al Carrer Jorge Juan, 6 28001 Madrid, <a href=\"http:\/\/www.aepd.es\">www.aepd.es<\/a>.<\/p><p>\u00a0<\/p><p>\u00a0<\/p><p><strong>2.1.7.- Obligacions de la persona afectada. <\/strong><\/p><p>\u00a0<\/p><p>La persona afectada ha d&#039;aportar informaci\u00f3 vera\u00e7 i actualitzada en tots els processos de recollida de dades, i \u00e9s l&#039;\u00fanica responsable de la vulneraci\u00f3 d&#039;aquesta obligaci\u00f3.<\/p><p>\u00a0<\/p><p>Als formularis de recollida de dades estan marcades les dades que \u00e9s obligatori aportar, en funci\u00f3 de la demanda que faci la persona afectada. La manca de l\u201faportaci\u00f3 d\u201faquestes dades pot suposar la impossibilitat de participar de l\u201factivitat o proporcionar la informaci\u00f3 o el servei que es demana.<\/p><p>\u00a0<\/p><p><strong>2.1.8.- Elaboraci\u00f3 de perfils <\/strong><\/p><p>\u00a0<\/p><p>Per al compliment dels objectius del responsable del tractament i, sobretot, per donar una atenci\u00f3 m\u00e9s personalitzada, acurada i efica\u00e7 a la persona usu\u00e0ria, de vegades cal elaborar perfils dels destinataris dels serveis. En cap cas l&#039;elaboraci\u00f3 del perfil no es realitza de manera exclusivament automatitzada.<\/p><p>\u00a0<\/p><p><strong>2.2.- CONSENTIMENT DE L&#039;USUARI <\/strong><\/p><p>\u00a0<\/p><p>S&#039;ent\u00e9n que la persona usu\u00e0ria accepta les condicions establertes en pr\u00e9mer el bot\u00f3 &#039;ACCEPTAR&#039; que es troba a tots els formularis de recollida de dades, o en enviar un missatge per correu electr\u00f2nic.<\/p><p>\u00a0<\/p><p>Les dades personals es guarden a la base de dades general dadministraci\u00f3 de la XARXA FACIAM que, en tot cas, garanteix les mesures t\u00e8cniques i organitzatives per preservar la integritat i la seguretat de la informaci\u00f3 que tracta.<\/p><p>\u00a0<\/p><p><strong>2.3.- SEGURETAT<\/strong><\/p><p>\u00a0<\/p><p>La base de dades general est\u00e0 dotada del document de seguretat preceptiu i ha establert tots els mitjans t\u00e8cnics al seu abast per evitar la p\u00e8rdua, el mal \u00fas, l&#039;alteraci\u00f3, l&#039;acc\u00e9s no autoritzat i el robatori de les dades que ens facilita.<\/p><p>\u00a0<\/p><p>El tractament de les dades personals est\u00e0 ajustat a la normativa establerta a la Llei Org\u00e0nica 3\/2018 de Protecci\u00f3 de dades personals i garantia dels drets digitals i el Reglament (UE) 2016\/679 del Parlament Europeu i del Consell, de 27 d&#039;abril del 2016.<\/p><p>\u00a0<\/p><p><strong>2.4. \u2013 \u00daS DE ADRECES IP<\/strong><\/p><p>\u00a0<\/p><p>Per facilitar la cerca de recursos que creiem que s\u00f3n del vostre inter\u00e8s, podeu trobar en aquesta web enlla\u00e7os a altres p\u00e0gines. Aquesta pol\u00edtica de privadesa \u00e9s aplicable nom\u00e9s en aquesta web. El responsable del tractament no garanteix el compliment d&#039;aquesta pol\u00edtica a altres webs, ni es fa responsable dels accessos mitjan\u00e7ant enlla\u00e7os des d&#039;aquest lloc.<\/p><p>\u00a0<\/p><p>Aix\u00ed mateix, el titular del domini tampoc no respon per la legalitat d&#039;altres llocs web de tercers, des dels quals es pugui accedir a aquesta p\u00e0gina web.<\/p><p>\u00a0<\/p>\t\t\t\t\t\t\t\t<\/div>\n\t\t\t\t<\/div>\n\t\t\t\t\t<\/div>\n\t\t<\/div>\n\t\t\t\t\t<\/div>\n\t\t<\/section>\n\t\t\t\t<\/div>","protected":false},"excerpt":{"rendered":"<p>POL\u00cdTICA DE PROTECCI\u00d3 DE DADES DE CAR\u00c0CTER PERSONAL IDENTIFICACI\u00d3 DEL TITULAR DEL DOMINI D&#039;acord amb all\u00f2 que disposa l&#039;article 10 de la Llei 34\/2002, d&#039;11 de juliol, de Serveis de la Societat de la Informaci\u00f3 i del Comer\u00e7 Electr\u00f2nic, us informem que el titular del domini \u00e9s la XARXA FACIAM, [\u2026]<\/p>","protected":false},"author":4,"featured_media":0,"parent":0,"menu_order":0,"comment_status":"closed","ping_status":"closed","template":"","meta":{"footnotes":""},"class_list":["post-44","page","type-page","status-publish","hentry"],"yoast_head":"<!-- This site is optimized with the Yoast SEO plugin v26.3 - https:\/\/yoast.com\/wordpress\/plugins\/seo\/ -->\n<title>Pol\u00edtica de privacidad - Futuro&amp;Co<\/title>\n<meta name=\"robots\" content=\"index, follow, max-snippet:-1, max-image-preview:large, max-video-preview:-1\" \/>\n<link rel=\"canonical\" href=\"https:\/\/futuroandco.org\/ca\/politica-de-privacidad\/\" \/>\n<meta property=\"og:locale\" content=\"ca_ES\" \/>\n<meta property=\"og:type\" content=\"article\" \/>\n<meta property=\"og:title\" content=\"Pol\u00edtica de privacidad - Futuro&amp;Co\" \/>\n<meta property=\"og:description\" content=\"POL\u00cdTICA DE PROTECCI\u00d3N DE DATOS DE CAR\u00c1CTER PERSONAL \u00a0 IDENTIFICACI\u00d3N DEL TITULAR DEL DOMINIO \u00a0 De acuerdo con lo dispuesto por el art\u00edculo 10 de la Ley 34\/2002, de 11 de julio, de Servicios de la Sociedad de la Informaci\u00f3n y del Comercio Electr\u00f3nico, le informamos que el titular del dominio es la RED FACIAM, [&hellip;]\" \/>\n<meta property=\"og:url\" content=\"https:\/\/futuroandco.org\/ca\/politica-de-privacidad\/\" \/>\n<meta property=\"og:site_name\" content=\"Futuro&amp;Co\" \/>\n<meta property=\"article:modified_time\" content=\"2022-11-23T12:48:25+00:00\" \/>\n<meta name=\"twitter:card\" content=\"summary_large_image\" \/>\n<meta name=\"twitter:site\" content=\"@futuroandco\" \/>\n<meta name=\"twitter:label1\" content=\"Temps estimat de lectura\" \/>\n\t<meta name=\"twitter:data1\" content=\"5 minuts\" \/>\n<script type=\"application\/ld+json\" class=\"yoast-schema-graph\">{\"@context\":\"https:\/\/schema.org\",\"@graph\":[{\"@type\":\"WebPage\",\"@id\":\"https:\/\/futuroandco.org\/politica-de-privacidad\/\",\"url\":\"https:\/\/futuroandco.org\/politica-de-privacidad\/\",\"name\":\"Pol\u00edtica de privacidad - Futuro&amp;Co\",\"isPartOf\":{\"@id\":\"https:\/\/futuroandco.org\/#website\"},\"datePublished\":\"2022-09-01T20:31:14+00:00\",\"dateModified\":\"2022-11-23T12:48:25+00:00\",\"breadcrumb\":{\"@id\":\"https:\/\/futuroandco.org\/politica-de-privacidad\/#breadcrumb\"},\"inLanguage\":\"ca\",\"potentialAction\":[{\"@type\":\"ReadAction\",\"target\":[\"https:\/\/futuroandco.org\/politica-de-privacidad\/\"]}]},{\"@type\":\"BreadcrumbList\",\"@id\":\"https:\/\/futuroandco.org\/politica-de-privacidad\/#breadcrumb\",\"itemListElement\":[{\"@type\":\"ListItem\",\"position\":1,\"name\":\"Portada\",\"item\":\"https:\/\/futuroandco.org\/\"},{\"@type\":\"ListItem\",\"position\":2,\"name\":\"Pol\u00edtica de privacidad\"}]},{\"@type\":\"WebSite\",\"@id\":\"https:\/\/futuroandco.org\/#website\",\"url\":\"https:\/\/futuroandco.org\/\",\"name\":\"Futuro&amp;Co\",\"description\":\"\",\"publisher\":{\"@id\":\"https:\/\/futuroandco.org\/#organization\"},\"potentialAction\":[{\"@type\":\"SearchAction\",\"target\":{\"@type\":\"EntryPoint\",\"urlTemplate\":\"https:\/\/futuroandco.org\/?s={search_term_string}\"},\"query-input\":{\"@type\":\"PropertyValueSpecification\",\"valueRequired\":true,\"valueName\":\"search_term_string\"}}],\"inLanguage\":\"ca\"},{\"@type\":\"Organization\",\"@id\":\"https:\/\/futuroandco.org\/#organization\",\"name\":\"Futuro&Co\",\"url\":\"https:\/\/futuroandco.org\/\",\"logo\":{\"@type\":\"ImageObject\",\"inLanguage\":\"ca\",\"@id\":\"https:\/\/futuroandco.org\/#\/schema\/logo\/image\/\",\"url\":\"https:\/\/futuroandco.org\/wp-content\/uploads\/2023\/02\/Logo-Horizontal-positivo.png\",\"contentUrl\":\"https:\/\/futuroandco.org\/wp-content\/uploads\/2023\/02\/Logo-Horizontal-positivo.png\",\"width\":865,\"height\":280,\"caption\":\"Futuro&Co\"},\"image\":{\"@id\":\"https:\/\/futuroandco.org\/#\/schema\/logo\/image\/\"},\"sameAs\":[\"https:\/\/x.com\/futuroandco\",\"https:\/\/www.instagram.com\/futuroandco\/\",\"https:\/\/www.linkedin.com\/company\/futuro-co\/\"]}]}<\/script>\n<!-- \/ Yoast SEO plugin. -->","yoast_head_json":{"title":"Pol\u00edtica de privacidad - Futuro&amp;Co","robots":{"index":"index","follow":"follow","max-snippet":"max-snippet:-1","max-image-preview":"max-image-preview:large","max-video-preview":"max-video-preview:-1"},"canonical":"https:\/\/futuroandco.org\/ca\/politica-de-privacidad\/","og_locale":"ca_ES","og_type":"article","og_title":"Pol\u00edtica de privacidad - Futuro&amp;Co","og_description":"POL\u00cdTICA DE PROTECCI\u00d3N DE DATOS DE CAR\u00c1CTER PERSONAL \u00a0 IDENTIFICACI\u00d3N DEL TITULAR DEL DOMINIO \u00a0 De acuerdo con lo dispuesto por el art\u00edculo 10 de la Ley 34\/2002, de 11 de julio, de Servicios de la Sociedad de la Informaci\u00f3n y del Comercio Electr\u00f3nico, le informamos que el titular del dominio es la RED FACIAM, [&hellip;]","og_url":"https:\/\/futuroandco.org\/ca\/politica-de-privacidad\/","og_site_name":"Futuro&amp;Co","article_modified_time":"2022-11-23T12:48:25+00:00","twitter_card":"summary_large_image","twitter_site":"@futuroandco","twitter_misc":{"Temps estimat de lectura":"5 minuts"},"schema":{"@context":"https:\/\/schema.org","@graph":[{"@type":"WebPage","@id":"https:\/\/futuroandco.org\/politica-de-privacidad\/","url":"https:\/\/futuroandco.org\/politica-de-privacidad\/","name":"Pol\u00edtica de privacidad - Futuro&amp;Co","isPartOf":{"@id":"https:\/\/futuroandco.org\/#website"},"datePublished":"2022-09-01T20:31:14+00:00","dateModified":"2022-11-23T12:48:25+00:00","breadcrumb":{"@id":"https:\/\/futuroandco.org\/politica-de-privacidad\/#breadcrumb"},"inLanguage":"ca","potentialAction":[{"@type":"ReadAction","target":["https:\/\/futuroandco.org\/politica-de-privacidad\/"]}]},{"@type":"BreadcrumbList","@id":"https:\/\/futuroandco.org\/politica-de-privacidad\/#breadcrumb","itemListElement":[{"@type":"ListItem","position":1,"name":"Portada","item":"https:\/\/futuroandco.org\/"},{"@type":"ListItem","position":2,"name":"Pol\u00edtica de privacidad"}]},{"@type":"WebSite","@id":"https:\/\/futuroandco.org\/#website","url":"https:\/\/futuroandco.org\/","name":"Futur&amp;Co","description":"","publisher":{"@id":"https:\/\/futuroandco.org\/#organization"},"potentialAction":[{"@type":"SearchAction","target":{"@type":"EntryPoint","urlTemplate":"https:\/\/futuroandco.org\/?s={search_term_string}"},"query-input":{"@type":"PropertyValueSpecification","valueRequired":true,"valueName":"search_term_string"}}],"inLanguage":"ca"},{"@type":"Organization","@id":"https:\/\/futuroandco.org\/#organization","name":"Futuro&Co","url":"https:\/\/futuroandco.org\/","logo":{"@type":"ImageObject","inLanguage":"ca","@id":"https:\/\/futuroandco.org\/#\/schema\/logo\/image\/","url":"https:\/\/futuroandco.org\/wp-content\/uploads\/2023\/02\/Logo-Horizontal-positivo.png","contentUrl":"https:\/\/futuroandco.org\/wp-content\/uploads\/2023\/02\/Logo-Horizontal-positivo.png","width":865,"height":280,"caption":"Futuro&Co"},"image":{"@id":"https:\/\/futuroandco.org\/#\/schema\/logo\/image\/"},"sameAs":["https:\/\/x.com\/futuroandco","https:\/\/www.instagram.com\/futuroandco\/","https:\/\/www.linkedin.com\/company\/futuro-co\/"]}]}},"_links":{"self":[{"href":"https:\/\/futuroandco.org\/ca\/wp-json\/wp\/v2\/pages\/44","targetHints":{"allow":["GET"]}}],"collection":[{"href":"https:\/\/futuroandco.org\/ca\/wp-json\/wp\/v2\/pages"}],"about":[{"href":"https:\/\/futuroandco.org\/ca\/wp-json\/wp\/v2\/types\/page"}],"author":[{"embeddable":true,"href":"https:\/\/futuroandco.org\/ca\/wp-json\/wp\/v2\/users\/4"}],"replies":[{"embeddable":true,"href":"https:\/\/futuroandco.org\/ca\/wp-json\/wp\/v2\/comments?post=44"}],"version-history":[{"count":4,"href":"https:\/\/futuroandco.org\/ca\/wp-json\/wp\/v2\/pages\/44\/revisions"}],"predecessor-version":[{"id":734,"href":"https:\/\/futuroandco.org\/ca\/wp-json\/wp\/v2\/pages\/44\/revisions\/734"}],"wp:attachment":[{"href":"https:\/\/futuroandco.org\/ca\/wp-json\/wp\/v2\/media?parent=44"}],"curies":[{"name":"wp","href":"https:\/\/api.w.org\/{rel}","templated":true}]}}