{"id":49,"date":"2022-09-01T22:33:37","date_gmt":"2022-09-01T20:33:37","guid":{"rendered":"https:\/\/futuroandco.org\/?page_id=49"},"modified":"2022-11-23T14:47:06","modified_gmt":"2022-11-23T12:47:06","slug":"aviso-legal","status":"publish","type":"page","link":"https:\/\/futuroandco.org\/ca\/aviso-legal\/","title":{"rendered":"Av\u00eds legal"},"content":{"rendered":"<div data-elementor-type=\"wp-page\" data-elementor-id=\"49\" class=\"elementor elementor-49\" data-elementor-post-type=\"page\">\n\t\t\t\t\t\t<section class=\"elementor-section elementor-top-section elementor-element elementor-element-339b2a2 elementor-section-boxed elementor-section-height-default elementor-section-height-default\" data-id=\"339b2a2\" data-element_type=\"section\">\n\t\t\t\t\t\t<div class=\"elementor-container elementor-column-gap-default\">\n\t\t\t\t\t<div class=\"elementor-column elementor-col-100 elementor-top-column elementor-element elementor-element-94e5fb5\" data-id=\"94e5fb5\" data-element_type=\"column\">\n\t\t\t<div class=\"elementor-widget-wrap elementor-element-populated\">\n\t\t\t\t\t\t<div class=\"elementor-element elementor-element-a7b4575 elementor-widget elementor-widget-text-editor\" data-id=\"a7b4575\" data-element_type=\"widget\" data-widget_type=\"text-editor.default\">\n\t\t\t\t<div class=\"elementor-widget-container\">\n\t\t\t\t\t\t\t\t\t<p><strong>AV\u00cdS LEGAL<\/strong><\/p><p>\u00a0<\/p><ol><li><strong> IDENTIFICACI\u00d3 DEL TITULAR DEL DOMINI<\/strong><\/li><\/ol><p>\u00a0<\/p><p>D&#039;acord amb el que disposa l&#039;article 10 de la Llei 34\/2002, d&#039;11 de juliol, de Serveis de la Societat de la Informaci\u00f3 i del Comer\u00e7 Electr\u00f2nic, us informem que el titular del domini \u00e9s la XARXA FACIAM, amb domicili a Via Carpetana, 47, 28047 Madrid, CIF G-28697324 i correu electr\u00f2nic de contacte: <a href=\"mailto:admin@faciam.org\">admin@faciam.org<\/a>.<\/p><p>\u00a0<\/p><p>La XARXA FACIAM \u00e9s una xarxa d&#039;\u00e0mbit nacional, formada per 14 entitats d&#039;Ast\u00faries, el Pa\u00eds Valenci\u00e0, Cant\u00e0bria, Castella i Lle\u00f3, Catalunya i Madrid, dedicades a cuidar, acompanyar i crear oportunitats per a les persones que es troben sense llar o en situacions d&#039;exclusi\u00f3 residencial.<\/p><p>\u00a0<\/p><ol start=\"2\"><li><strong> NORMES D&#039;\u00daS DEL PORTAL<\/strong><\/li><\/ol><p>\u00a0<\/p><p>Qui accedeixi i faci servir aquest lloc web tindr\u00e0 la consideraci\u00f3 de persona usu\u00e0ria. La persona usu\u00e0ria, pel sol fet de ser-ho, accepta totes les condicions d\u00fas.<\/p><p>\u00a0<\/p><p><strong>2.1.- GEN\u00c8RIQUES <\/strong><\/p><p>\u00a0<\/p><p>Est\u00e0 prohibit publicar en aquesta web, als nostres blocs i altres eines de participaci\u00f3 continguts que atemptin contra els principis seg\u00fcents:<\/p><p>\u00a0<\/p><ul><li>La salvaguarda de lordre p\u00fablic, la investigaci\u00f3 penal, la seguretat p\u00fablica i la defensa nacional.<\/li><li>La protecci\u00f3 de la salut p\u00fablica o de les persones f\u00edsiques que tinguen la condici\u00f3 de consumidors o usuaris.<\/li><li>El respecte a la dignitat de la persona i al principi de no-discriminaci\u00f3 per motius de ra\u00e7a, sexe, opini\u00f3, nacionalitat, discapacitat o qualsevol altra circumst\u00e0ncia personal o social.<\/li><li>La protecci\u00f3 de la joventut i de la inf\u00e0ncia.<\/li><li>El respecte a lautonomia de la voluntat de la persona afectada.<\/li><li>El respecte a la propietat intel\u00b7lectual del publicat.<\/li><li>En general, el respecte a la legalitat vigent.<\/li><\/ul><p>\u00a0<\/p><p>\u00c9s possible que aquest lloc web contingui enlla\u00e7os a altres llocs que puguin ser interessants per a la persona usu\u00e0ria. Una vegada que feu clic en aquests enlla\u00e7os i abandoneu el domini actual, el titular del mateix no tindr\u00e0 control sobre el lloc al qual \u00e9s redirigit i per tant no ser\u00e0 responsable dels termes d&#039;\u00fas o de privadesa ni de la protecci\u00f3 de dades personals. Aquests llocs estan subjectes a les seves pr\u00f2pies pol\u00edtiques d&#039;\u00fas i privadesa, per la qual cosa \u00e9s recomanable que la persona usu\u00e0ria les consulti per confirmar que hi est\u00e0 d&#039;acord.<\/p><p>\u00a0<\/p><p><strong>3.2.- PARTICULARS <\/strong><\/p><p>\u00a0<\/p><p>La persona usu\u00e0ria assumeix la responsabilitat de l\u00fas del portal. Aquesta responsabilitat s&#039;est\u00e9n al registre necessari per accedir a determinats serveis o continguts.<\/p><p>\u00a0<\/p><p>La persona usu\u00e0ria ser\u00e0 responsable d&#039;aportar informaci\u00f3 vera\u00e7 i l\u00edcita al proc\u00e9s de registre. L&#039;usuari es compromet a fer un \u00fas adequat dels continguts i serveis que el titular del domini ofereix a trav\u00e9s dels seus llocs web i de les eines de participaci\u00f3; amb car\u00e0cter enunciatiu per\u00f2 no limitatiu, tamb\u00e9 es compromet a no utilitzar-los per a:<\/p><ul><li>Provocar danys als sistemes f\u00edsics i l\u00f2gics del responsable del tractament, dels seus prove\u00efdors o de terceres persones, introduir o difondre a la xarxa virus inform\u00e0tics o qualsevol altre sistema f\u00edsic o l\u00f2gic que sigui susceptible de provocar danys.<\/li><li>Intentar accedir i, si escau, utilitzar els comptes de correu electr\u00f2nic d&#039;altres persones usu\u00e0ries i modificar o manipular els missatges.<\/li><\/ul><p>\u00a0<\/p><p>El titular del domini es reserva el dret de retirar tots els comentaris i aportacions que vulnerin el respecte a la dignitat de la persona, que siguin discriminatoris, xen\u00f2fobs, racistes, que atemptin contra les persones, especialment, contra els interessos de la joventut o de la inf\u00e0ncia, l&#039;ordre o la seguretat p\u00fablica o que no siguin adequats per a la seva publicaci\u00f3.<\/p><p>\u00a0<\/p><p>En qualsevol cas, el titular del domini no \u00e9s responsable de les opinions manifestades per les persones usu\u00e0ries a trav\u00e9s dels f\u00f2rums, xats o altres eines de participaci\u00f3.<\/p><p>\u00a0<\/p><p><strong>3.3.- \u00daS DE CONTRASENYES<\/strong><\/p><p>\u00a0<\/p><p>Per accedir a determinats continguts cal introduir un codi d&#039;usuari i una contrasenya. Si no compteu amb una, la podeu obtenir en registrar-vos.<\/p><p>\u00a0<\/p><p>Us informem que les contrasenyes s\u00f3n personals i intransferibles. La persona usu\u00e0ria \u00e9s l&#039;\u00fanic responsable de les conseq\u00fc\u00e8ncies que puguin derivar-se de l&#039;\u00fas de la contrasenya.<\/p><p>\u00a0<\/p><p>Per a qualsevol incid\u00e8ncia amb les contrasenyes podeu seguir les instruccions que trobareu en un link a la pr\u00f2pia pantalla d&#039;identificaci\u00f3.<\/p><p>\u00a0<\/p><ol start=\"4\"><li><strong> PROPIETAT INTEL\u00b7LECTUAL I INDUSTRIAL<\/strong><\/li><\/ol><p>\u00a0<\/p><p>El titular del domini \u00e9s titular de tots els drets de propietat intel\u00b7lectual i industrial de les seves p\u00e0gines web, aix\u00ed com de tot el seu contingut, per la qual cosa tota reproducci\u00f3, distribuci\u00f3 i comunicaci\u00f3 p\u00fablica, total o parcial, del contingut queda expressament prohibida sense la autoritzaci\u00f3 expressa de la direcci\u00f3 del centre.<\/p><p>\u00a0<\/p><ol start=\"5\"><li><strong> RESPONSABILITAT<\/strong><\/li><\/ol><p>\u00a0<\/p><p>El titular del domini no es fa responsable dels danys i perjudicis que es puguin derivar dinterfer\u00e8ncies o avaries telef\u00f2niques, desconnexions en el sistema electr\u00f2nic, pres\u00e8ncia de virus inform\u00e0tics, programes maliciosos o qualsevol altre factor ali\u00e8 al seu control.<\/p><p>\u00a0<\/p><p>El titular del domini es reserva lexercici de les accions legals que corresponguin contra els qui vulnerin aquestes condicions.<\/p><p>\u00a0<\/p><ol start=\"6\"><li><strong> MODIFICACIONS DE LES PRESENTS CONDICIONS I VIG\u00c8NCIA<\/strong><\/li><\/ol><p>\u00a0<\/p><p>La XARXA FACIAM pot modificar aquestes condicions en qualsevol moment, sense previ av\u00eds, publicant les seves modificacions tal com apareixen. Us recomanem i emfatitzem revisar cont\u00ednuament aquesta p\u00e0gina per assegurar-vos que esteu d&#039;acord amb aquests canvis.<\/p><p>\u00a0<\/p><ol start=\"7\"><li><strong> LEGISLACI\u00d3 APLICABLE I JURISDICCI\u00d3<\/strong><\/li><\/ol><p>\u00a0<\/p><p>La relaci\u00f3 entre el titular del domini i la persona usu\u00e0ria es regir\u00e0 per la normativa espanyola vigent i qualsevol controv\u00e8rsia se sotmetr\u00e0 als jutjats i tribunals de Madrid que corresponguin.<\/p>\t\t\t\t\t\t\t\t<\/div>\n\t\t\t\t<\/div>\n\t\t\t\t\t<\/div>\n\t\t<\/div>\n\t\t\t\t\t<\/div>\n\t\t<\/section>\n\t\t\t\t<\/div>","protected":false},"excerpt":{"rendered":"<p>AVISO LEGAL \u00a0 IDENTIFICACI\u00d3N DEL TITULAR DEL DOMINIO \u00a0 De acuerdo con lo dispuesto por el art\u00edculo 10 de la Ley 34\/2002, de 11 de julio, de Servicios de la Sociedad de la Informaci\u00f3n y del Comercio Electr\u00f3nico, le informamos que el titular del dominio es la RED FACIAM, con domicilio en V\u00eda Carpetana, 47, [&hellip;]<\/p>","protected":false},"author":4,"featured_media":0,"parent":0,"menu_order":0,"comment_status":"closed","ping_status":"closed","template":"","meta":{"footnotes":""},"class_list":["post-49","page","type-page","status-publish","hentry"],"yoast_head":"<!-- This site is optimized with the Yoast SEO plugin v26.3 - https:\/\/yoast.com\/wordpress\/plugins\/seo\/ -->\n<title>Aviso legal - Futuro&amp;Co<\/title>\n<meta name=\"robots\" content=\"index, follow, max-snippet:-1, max-image-preview:large, max-video-preview:-1\" \/>\n<link rel=\"canonical\" href=\"https:\/\/futuroandco.org\/ca\/aviso-legal\/\" \/>\n<meta property=\"og:locale\" content=\"ca_ES\" \/>\n<meta property=\"og:type\" content=\"article\" \/>\n<meta property=\"og:title\" content=\"Aviso legal - Futuro&amp;Co\" \/>\n<meta property=\"og:description\" content=\"AVISO LEGAL \u00a0 IDENTIFICACI\u00d3N DEL TITULAR DEL DOMINIO \u00a0 De acuerdo con lo dispuesto por el art\u00edculo 10 de la Ley 34\/2002, de 11 de julio, de Servicios de la Sociedad de la Informaci\u00f3n y del Comercio Electr\u00f3nico, le informamos que el titular del dominio es la RED FACIAM, con domicilio en V\u00eda Carpetana, 47, [&hellip;]\" \/>\n<meta property=\"og:url\" content=\"https:\/\/futuroandco.org\/ca\/aviso-legal\/\" \/>\n<meta property=\"og:site_name\" content=\"Futuro&amp;Co\" \/>\n<meta property=\"article:modified_time\" content=\"2022-11-23T12:47:06+00:00\" \/>\n<meta name=\"twitter:card\" content=\"summary_large_image\" \/>\n<meta name=\"twitter:site\" content=\"@futuroandco\" \/>\n<meta name=\"twitter:label1\" content=\"Temps estimat de lectura\" \/>\n\t<meta name=\"twitter:data1\" content=\"5 minuts\" \/>\n<script type=\"application\/ld+json\" class=\"yoast-schema-graph\">{\"@context\":\"https:\/\/schema.org\",\"@graph\":[{\"@type\":\"WebPage\",\"@id\":\"https:\/\/futuroandco.org\/aviso-legal\/\",\"url\":\"https:\/\/futuroandco.org\/aviso-legal\/\",\"name\":\"Aviso legal - Futuro&amp;Co\",\"isPartOf\":{\"@id\":\"https:\/\/futuroandco.org\/#website\"},\"datePublished\":\"2022-09-01T20:33:37+00:00\",\"dateModified\":\"2022-11-23T12:47:06+00:00\",\"breadcrumb\":{\"@id\":\"https:\/\/futuroandco.org\/aviso-legal\/#breadcrumb\"},\"inLanguage\":\"ca\",\"potentialAction\":[{\"@type\":\"ReadAction\",\"target\":[\"https:\/\/futuroandco.org\/aviso-legal\/\"]}]},{\"@type\":\"BreadcrumbList\",\"@id\":\"https:\/\/futuroandco.org\/aviso-legal\/#breadcrumb\",\"itemListElement\":[{\"@type\":\"ListItem\",\"position\":1,\"name\":\"Portada\",\"item\":\"https:\/\/futuroandco.org\/\"},{\"@type\":\"ListItem\",\"position\":2,\"name\":\"Aviso legal\"}]},{\"@type\":\"WebSite\",\"@id\":\"https:\/\/futuroandco.org\/#website\",\"url\":\"https:\/\/futuroandco.org\/\",\"name\":\"Futuro&amp;Co\",\"description\":\"\",\"publisher\":{\"@id\":\"https:\/\/futuroandco.org\/#organization\"},\"potentialAction\":[{\"@type\":\"SearchAction\",\"target\":{\"@type\":\"EntryPoint\",\"urlTemplate\":\"https:\/\/futuroandco.org\/?s={search_term_string}\"},\"query-input\":{\"@type\":\"PropertyValueSpecification\",\"valueRequired\":true,\"valueName\":\"search_term_string\"}}],\"inLanguage\":\"ca\"},{\"@type\":\"Organization\",\"@id\":\"https:\/\/futuroandco.org\/#organization\",\"name\":\"Futuro&Co\",\"url\":\"https:\/\/futuroandco.org\/\",\"logo\":{\"@type\":\"ImageObject\",\"inLanguage\":\"ca\",\"@id\":\"https:\/\/futuroandco.org\/#\/schema\/logo\/image\/\",\"url\":\"https:\/\/futuroandco.org\/wp-content\/uploads\/2023\/02\/Logo-Horizontal-positivo.png\",\"contentUrl\":\"https:\/\/futuroandco.org\/wp-content\/uploads\/2023\/02\/Logo-Horizontal-positivo.png\",\"width\":865,\"height\":280,\"caption\":\"Futuro&Co\"},\"image\":{\"@id\":\"https:\/\/futuroandco.org\/#\/schema\/logo\/image\/\"},\"sameAs\":[\"https:\/\/x.com\/futuroandco\",\"https:\/\/www.instagram.com\/futuroandco\/\",\"https:\/\/www.linkedin.com\/company\/futuro-co\/\"]}]}<\/script>\n<!-- \/ Yoast SEO plugin. -->","yoast_head_json":{"title":"Aviso legal - Futuro&amp;Co","robots":{"index":"index","follow":"follow","max-snippet":"max-snippet:-1","max-image-preview":"max-image-preview:large","max-video-preview":"max-video-preview:-1"},"canonical":"https:\/\/futuroandco.org\/ca\/aviso-legal\/","og_locale":"ca_ES","og_type":"article","og_title":"Aviso legal - Futuro&amp;Co","og_description":"AVISO LEGAL \u00a0 IDENTIFICACI\u00d3N DEL TITULAR DEL DOMINIO \u00a0 De acuerdo con lo dispuesto por el art\u00edculo 10 de la Ley 34\/2002, de 11 de julio, de Servicios de la Sociedad de la Informaci\u00f3n y del Comercio Electr\u00f3nico, le informamos que el titular del dominio es la RED FACIAM, con domicilio en V\u00eda Carpetana, 47, [&hellip;]","og_url":"https:\/\/futuroandco.org\/ca\/aviso-legal\/","og_site_name":"Futuro&amp;Co","article_modified_time":"2022-11-23T12:47:06+00:00","twitter_card":"summary_large_image","twitter_site":"@futuroandco","twitter_misc":{"Temps estimat de lectura":"5 minuts"},"schema":{"@context":"https:\/\/schema.org","@graph":[{"@type":"WebPage","@id":"https:\/\/futuroandco.org\/aviso-legal\/","url":"https:\/\/futuroandco.org\/aviso-legal\/","name":"Aviso legal - Futuro&amp;Co","isPartOf":{"@id":"https:\/\/futuroandco.org\/#website"},"datePublished":"2022-09-01T20:33:37+00:00","dateModified":"2022-11-23T12:47:06+00:00","breadcrumb":{"@id":"https:\/\/futuroandco.org\/aviso-legal\/#breadcrumb"},"inLanguage":"ca","potentialAction":[{"@type":"ReadAction","target":["https:\/\/futuroandco.org\/aviso-legal\/"]}]},{"@type":"BreadcrumbList","@id":"https:\/\/futuroandco.org\/aviso-legal\/#breadcrumb","itemListElement":[{"@type":"ListItem","position":1,"name":"Portada","item":"https:\/\/futuroandco.org\/"},{"@type":"ListItem","position":2,"name":"Aviso legal"}]},{"@type":"WebSite","@id":"https:\/\/futuroandco.org\/#website","url":"https:\/\/futuroandco.org\/","name":"Futur&amp;Co","description":"","publisher":{"@id":"https:\/\/futuroandco.org\/#organization"},"potentialAction":[{"@type":"SearchAction","target":{"@type":"EntryPoint","urlTemplate":"https:\/\/futuroandco.org\/?s={search_term_string}"},"query-input":{"@type":"PropertyValueSpecification","valueRequired":true,"valueName":"search_term_string"}}],"inLanguage":"ca"},{"@type":"Organization","@id":"https:\/\/futuroandco.org\/#organization","name":"Futuro&Co","url":"https:\/\/futuroandco.org\/","logo":{"@type":"ImageObject","inLanguage":"ca","@id":"https:\/\/futuroandco.org\/#\/schema\/logo\/image\/","url":"https:\/\/futuroandco.org\/wp-content\/uploads\/2023\/02\/Logo-Horizontal-positivo.png","contentUrl":"https:\/\/futuroandco.org\/wp-content\/uploads\/2023\/02\/Logo-Horizontal-positivo.png","width":865,"height":280,"caption":"Futuro&Co"},"image":{"@id":"https:\/\/futuroandco.org\/#\/schema\/logo\/image\/"},"sameAs":["https:\/\/x.com\/futuroandco","https:\/\/www.instagram.com\/futuroandco\/","https:\/\/www.linkedin.com\/company\/futuro-co\/"]}]}},"_links":{"self":[{"href":"https:\/\/futuroandco.org\/ca\/wp-json\/wp\/v2\/pages\/49","targetHints":{"allow":["GET"]}}],"collection":[{"href":"https:\/\/futuroandco.org\/ca\/wp-json\/wp\/v2\/pages"}],"about":[{"href":"https:\/\/futuroandco.org\/ca\/wp-json\/wp\/v2\/types\/page"}],"author":[{"embeddable":true,"href":"https:\/\/futuroandco.org\/ca\/wp-json\/wp\/v2\/users\/4"}],"replies":[{"embeddable":true,"href":"https:\/\/futuroandco.org\/ca\/wp-json\/wp\/v2\/comments?post=49"}],"version-history":[{"count":4,"href":"https:\/\/futuroandco.org\/ca\/wp-json\/wp\/v2\/pages\/49\/revisions"}],"predecessor-version":[{"id":731,"href":"https:\/\/futuroandco.org\/ca\/wp-json\/wp\/v2\/pages\/49\/revisions\/731"}],"wp:attachment":[{"href":"https:\/\/futuroandco.org\/ca\/wp-json\/wp\/v2\/media?parent=49"}],"curies":[{"name":"wp","href":"https:\/\/api.w.org\/{rel}","templated":true}]}}